{"id":10113,"date":"2016-01-05T11:43:35","date_gmt":"2016-01-05T11:43:35","guid":{"rendered":"https:\/\/www.parce-freres.com\/maison-parce-freres-un-enracinement\/"},"modified":"2022-11-22T11:57:46","modified_gmt":"2022-11-22T10:57:46","slug":"maison-parce-freres-2","status":"publish","type":"page","link":"https:\/\/www.parce-freres.com\/en\/maison-parce-freres-2\/","title":{"rendered":"Maison Parc\u00e9 Fr\u00e8res a family history"},"content":{"rendered":"<p>[vc_row top_padding=&#8221;60px&#8221; bottom_padding=&#8221;50px&#8221; bk_element=&#8221;image&#8221; bg_image_repeat=&#8221;verve_cover&#8221; append_arrow=&#8221;yes&#8221; bg_image=&#8221;9834&#8243; bg_color=&#8221;#ffffff&#8221;][vc_column width=&#8221;1\/1&#8243;]<div class=\"prk_shortcode-title prk_break_word verve_center_align wpb_animate_when_almost_visible wpb_vrv_fadeInUpBig h1_sized\"><div class=\"body_font zero_color prk_vc_title\" style=\"color:#ffffff;border-bottom-color:rgba(255, 255, 255,0.9);text-shadow:0px 0px 1px rgba(255, 255, 255,0.2);\"><h1 style=\"font-weight:400;\">Maison Parc\u00e9 Fr\u00e8res<\/h1><\/div><div class=\"clearfix\"><\/div><\/div><div class=\"verve_spacer clearfix\" style=\"height:40px;\"><\/div><div class=\"prk_shortcode-title prk_break_word verve_center_align h3_sized\"><div class=\"body_font zero_color prk_vc_title\" style=\"color:#ffffff;border-bottom-color:rgba(255, 255, 255,0.9);text-shadow:0px 0px 1px rgba(255, 255, 255,0.2);\"><h3 style=\"font-weight:300;\">A willingness to take care of the inheritance received.<\/h3><\/div><div class=\"clearfix\"><\/div><\/div><div class=\"verve_spacer clearfix\" style=\"height:40px;\"><\/div><div class=\"prk_shortcode-title prk_break_word verve_center_align h4_sized\"><div class=\"verve_italic body_font zero_color prk_vc_title\" style=\"color:#ffffff;border-bottom-color:rgba(255, 255, 255,0.9);text-shadow:0px 0px 1px rgba(255, 255, 255,0.2);\"><h4 style=\"font-weight:400;\">A peasant, sustainable and family vision of wine,<\/h4><\/div><div class=\"clearfix\"><\/div><\/div>[\/vc_column][\/vc_row][vc_row top_padding=&#8221;72px&#8221;][vc_column width=&#8221;1\/1&#8243;][vc_column_text]<\/p>\n<h4>To make a long story short, we could say 3 brothers, 2 estates and a selection of wines from the South of France.<\/h4>\n<p>[\/vc_column_text][vc_column_text]Martin, Augustin and Vincent, Domaine de la Pr\u00e9ceptorie, Domaine Augustin and Parc\u00e9 Fr\u00e8res selection.<\/p>\n<p>The Sons of Marc Parc\u00e9 on the Maury, Collioure &amp; Banyuls cru and on almost all the appellations of French Catalonia.<\/p>\n<p>A peasant vision of wine, preninal and family orientated, a will to take care of the inheritance received.<\/p>\n<p>But why keep it short? So here are some elements that can be said about us, our history, our roots&#8230;[\/vc_column_text]<div class=\"verve_spacer clearfix\" style=\"height:25px;\"><\/div>[vc_column_text css_animation=&#8221;left-to-right&#8221;]<\/p>\n<h4>History of a rooting:<\/h4>\n<p>[\/vc_column_text][vc_column_text]Parc\u00e9 Fr\u00e8res, a family bond, a bond with the land, a common style. A common work, a work in connection, a work in a place, in connection with a place, a magnificent place where I was born, in northern Catalonia, in the south of our beautiful France, in Banyuls-sur-Mer.<\/p>\n<p>A widespread modern trend would have us no longer be interested in history, in our roots.<\/p>\n<p>A madness.<\/p>\n<p>A man lives, is nourished and grows thanks to history. The importance of history, of our history, family history, history of bonds, of places, history to be received, to be accepted, to be passed on, to be written, &#8220;You will be a man my son*&#8221;.[\/vc_column_text]<div class=\"verve_spacer clearfix\" style=\"height:25px;\"><\/div>[vc_single_image image=&#8221;10126&#8243; img_size=&#8221;full&#8221; alignment=&#8221;center&#8221; css_animation=&#8221;verve_fade_waypoint&#8221; custom_css=&#8221;margin-bottom:20px&#8221;]<div class=\"verve_spacer clearfix\" style=\"height:25px;\"><\/div>[vc_column_text]The family is now asking us to take over, to write, to be involved. Terroirs of Collioure, Banyuls and Maury, Domaine Augustin,\u00a0 Domaine La Pr\u00e9ceptorie.<\/p>\n<p>A family, bonds, places.<\/p>\n<p>Bonds and places to defend, to reveal, to support.<\/p>\n<p>The story began by chance, in October 1976 when Marc, our father, went to replace a worker in the vineyard of our great-grandmother, Th\u00e9r\u00e8se Reig, for a few weeks.<\/p>\n<p>It seems that bonds were formed, that places spoke, seduced. A love was born, a love for its &#8220;loyal and constant local customs&#8221;, for its controlled and protected appellations.<\/p>\n<p>A love consummated, desired, chosen and this unconditional love bore fruit, has spread.<\/p>\n<p>We have received this history, its bonds, its places, this love. The adage says that the hardest thing is not to progress but to maintain oneself. This is our commitment, our desire, our &#8220;Fiat&#8221;. To maintain, yes to freely maintain this history, this bond, this love!<\/p>\n<p>It is up to us to inscribe ourselves, to inscribe ourselves in time.<\/p>\n<p>*Rudyard Kipling &#8220;If&#8221;.<\/p>\n<p>Vincent Parc\u00e9, for Maison Parc\u00e9 Fr\u00e8res[\/vc_column_text]<div class=\"verve_spacer clearfix\" style=\"height:45px;\"><\/div><div class=\"verve_spacer clearfix\" style=\"height:45px;\"><\/div>[\/vc_column][\/vc_row][vc_row bottom_padding=&#8221;72px&#8221;][vc_column width=&#8221;1\/1&#8243;]<div class=\"verve_spacer clearfix\" style=\"margin-top:px;\"><\/div>[\/vc_column][\/vc_row][vc_row bottom_padding=&#8221;48px&#8221; el_id=&#8221;team&#8221;][vc_column width=&#8221;1\/1&#8243;]<div class=\"simple_line shortcoded wpb_animate_when_almost_visible wpb_right-to-left\" style=\"border-bottom-color:#8c0138;width:6%;border-bottom-width:3px;margin-left:auto;margin-right:auto;\"><\/div><div class=\"verve_spacer clearfix\" style=\"height:30px;\"><\/div><div class=\"prk_shortcode-title prk_break_word verve_center_align wpb_animate_when_almost_visible wpb_verve_fade_waypoint h1_sized\"><div class=\" zero_color prk_vc_title\"><h1 style=\"font-weight:600;\">THE FAMILY<\/h1><\/div><div class=\"clearfix\"><\/div><\/div><div class=\"prk_shortcode-title prk_break_word verve_center_align wpb_animate_when_almost_visible wpb_verve_fade_waypoint h5_sized\"><div class=\"custom_font zero_color prk_vc_title\" style=\"margin-bottom:12px;\"><h5 style=\"font-weight:400;\">The story of a sibling.<\/h5><\/div><div class=\"clearfix\"><\/div><\/div><div class=\"verve_spacer clearfix\" style=\"margin-top:px;\"><\/div>[\/vc_column][\/vc_row][vc_row bottom_padding=&#8221;48px&#8221;][vc_column width=&#8221;1\/1&#8243;][vc_row_inner][vc_column_inner][vc_single_image image=&#8221;10128&#8243; img_size=&#8221;full&#8221; alignment=&#8221;center&#8221;][\/vc_column_inner][\/vc_row_inner]<div class=\"verve_spacer clearfix\" style=\"height:36px;\"><\/div><div class=\"prk_shortcode-title prk_break_word verve_center_align h4_sized\"><div class=\"verve_italic  zero_color prk_vc_title\"><h4 style=\"font-weight:400;\">From left to right, Martin, Vincent, Augustin and Marc Parc\u00e9.<\/h4><\/div><div class=\"clearfix\"><\/div><\/div><div class=\"verve_spacer clearfix\" style=\"height:75px;\"><\/div>[\/vc_column][\/vc_row][vc_row bk_type=&#8221;verve_full_row&#8221; align=&#8221;verve_center_align&#8221;][vc_column width=&#8221;1\/1&#8243;][vc_column_text][instagram-feed type=user num=12 cols=6 showfollow=false imagepadding=0 imagepaddingunit=px showheader=false showcaption=false showlikes=false showbutton=false disablelightbox=true captionlinks=false][\/vc_column_text][\/vc_column][\/vc_row]<\/p>\n","protected":false},"excerpt":{"rendered":"<p>[vc_row top_padding=&#8221;60px&#8221; bottom_padding=&#8221;50px&#8221; bk_element=&#8221;image&#8221; bg_image_repeat=&#8221;verve_cover&#8221; append_arrow=&#8221;yes&#8221; bg_image=&#8221;9834&#8243; bg_color=&#8221;#ffffff&#8221;][vc_column width=&#8221;1\/1&#8243;][\/vc_column][\/vc_row][vc_row top_padding=&#8221;72px&#8221;][vc_column width=&#8221;1\/1&#8243;][vc_column_text] To make a long story short, we could say 3 brothers, 2 estates and a selection of wines from the South of France. [\/vc_column_text][vc_column_text]Martin, Augustin and Vincent, Domaine de la Pr\u00e9ceptorie, Domaine Augustin and Parc\u00e9 Fr\u00e8res selection. The Sons of Marc Parc\u00e9 on the [&hellip;]<\/p>\n","protected":false},"author":1,"featured_media":0,"parent":0,"menu_order":0,"comment_status":"closed","ping_status":"closed","template":"","meta":[],"_links":{"self":[{"href":"https:\/\/www.parce-freres.com\/en\/wp-json\/wp\/v2\/pages\/10113"}],"collection":[{"href":"https:\/\/www.parce-freres.com\/en\/wp-json\/wp\/v2\/pages"}],"about":[{"href":"https:\/\/www.parce-freres.com\/en\/wp-json\/wp\/v2\/types\/page"}],"author":[{"embeddable":true,"href":"https:\/\/www.parce-freres.com\/en\/wp-json\/wp\/v2\/users\/1"}],"replies":[{"embeddable":true,"href":"https:\/\/www.parce-freres.com\/en\/wp-json\/wp\/v2\/comments?post=10113"}],"version-history":[{"count":2,"href":"https:\/\/www.parce-freres.com\/en\/wp-json\/wp\/v2\/pages\/10113\/revisions"}],"predecessor-version":[{"id":11639,"href":"https:\/\/www.parce-freres.com\/en\/wp-json\/wp\/v2\/pages\/10113\/revisions\/11639"}],"wp:attachment":[{"href":"https:\/\/www.parce-freres.com\/en\/wp-json\/wp\/v2\/media?parent=10113"}],"curies":[{"name":"wp","href":"https:\/\/api.w.org\/{rel}","templated":true}]}}