{"id":10138,"date":"2019-06-20T16:42:58","date_gmt":"2019-06-20T14:42:58","guid":{"rendered":"https:\/\/www.parce-freres.com\/comment-travaillons-nous\/"},"modified":"2022-11-22T11:51:38","modified_gmt":"2022-11-22T10:51:38","slug":"how-do-we-work","status":"publish","type":"page","link":"https:\/\/www.parce-freres.com\/en\/how-do-we-work\/","title":{"rendered":"How do we work ?"},"content":{"rendered":"<p>[vc_row mobile_mode=&#8221;vrv_sooner&#8221; custom_css=&#8221;margin-top:30px&#8221;][vc_column column_height=&#8221;verve_forced_clm verve_vertical_clm&#8221; bg_image_vt_align=&#8221;verve_vt_top&#8221; width=&#8221;1\/2&#8243; bg_image=&#8221;9538&#8243;][\/vc_column][vc_column css_animation=&#8221;verve_fade_waypoint&#8221; width=&#8221;1\/2&#8243;]<div class=\"verve_spacer clearfix show_much_later\" style=\"height:30px;\"><\/div><div class=\"verve_spacer clearfix hide_much_later\" style=\"height:80px;\"><\/div><div class=\"prk_shortcode-title prk_break_word verve_left_align h5_sized\"><div class=\"custom_font zero_color prk_vc_title\"><h5 style=\"font-weight:400;\">An ancestral method<\/h5><\/div><div class=\"clearfix\"><\/div><\/div><div class=\"prk_shortcode-title prk_break_word verve_left_align h2_sized\"><div class=\" zero_color prk_vc_title\" style=\"margin-bottom:20px;\"><h2 style=\"font-weight:700;\">HOW DO WE WORK ?<\/h2><\/div><div class=\"simple_line colored thick columns small-centered forced_mobile\" style=\"width:70px;\"><\/div><div class=\"clearfix\"><\/div><\/div><div class=\"verve_spacer clearfix\" style=\"height:6px;\"><\/div>[vc_column_text]<strong>The &#8220;complantation&#8221;, an ancestral method, a method preserved in Roussillon.<\/strong><\/p>\n<p>One of the specificities of the Banyuls cru and shared in Roussillon is the complantation of several grape varieties on the same plot. This ancient practice dates back to a time when grape varieties were not as important as they are today, and it was very natural for a winegrower of past centuries to replace the dead stumps of a vineyard with plants of a different grape variety than the one planted on the plot. A plot of land was rarely uprooted in its entirety, and vines that were no longer old were replaced, or &#8220;complemented&#8221;, in what is known today as &#8220;massal selection&#8221;, since they were made up of very old vines and more recent ones planted to replace the &#8220;missing&#8221; ones.<\/p>\n<p>At Domaine Augustin &amp; La Pr\u00e9ceptorie we have maintained this method of cultivation. This means that during the harvest, we have to make several passes to harvest, for example, first the Grenaches gris to make white Collioures or white C\u00f4tes du Roussillon at the end of August, then ten days later, on the same plot, the Grenaches noir to make red Collioure or red C\u00f4tes du Roussillon. This &#8220;segmentation&#8221; of the harvest corresponds to a distribution of the production and forces us to distribute the marketing. Contrary to other estates, in other crus, we did not choose our vineyard, our grape varieties; we wished to preserve an old vineyard which only produced traditional Banyuls or Maury twenty years ago by making it &#8220;speak&#8221; differently today through the exposure and the altitude of these plots vinified in a different way. We did not choose to plant this or that grape variety after a market study to make a type of wine adapted to this market. Therefore, our distributor clients can only support us if they like the wines and if they share the same cultural requirements in order to maintain this anachronistic vineyard, by marketing and consuming the wines, all the wines produced, whether they are white, red or mutated.<\/p>\n<p>It is for this reason that we cannot meet the demands of those who would be content to buy only the whites from us to the detriment of everything else: the volumes of white wines made available to our customers can only be in proportion to those withdrawn from the reds.[\/vc_column_text][\/vc_column][\/vc_row][vc_row mobile_mode=&#8221;vrv_sooner&#8221;][vc_column css_animation=&#8221;verve_fade_waypoint&#8221; width=&#8221;1\/2&#8243;]<div class=\"verve_spacer clearfix show_much_later\" style=\"height:30px;\"><\/div><div class=\"verve_spacer clearfix hide_much_later\" style=\"height:120px;\"><\/div><div class=\"prk_shortcode-title prk_break_word verve_left_align h2_sized\"><div class=\" zero_color prk_vc_title\" style=\"margin-bottom:20px;\"><h2 style=\"font-weight:700;\">CRU BANYULS &amp; COLLIOURE FOR DOMAINE AUGUSTIN<\/h2><\/div><div class=\"simple_line colored thick columns small-centered forced_mobile\" style=\"width:70px;\"><\/div><div class=\"clearfix\"><\/div><\/div><div class=\"verve_spacer clearfix\" style=\"height:6px;\"><\/div>[vc_column_text]<\/p>\n<h3><span style=\"font-weight: 400;\">The Plots<\/span><\/h3>\n<p>Domaine Augustin works 10 hectares spread over 12 plots. They constitute several very different terroirs due to their soils, subsoils, altitudes, exposure and of course the age of the vines. Nevertheless, two main types of terroir can be identified among these parcels:<\/p>\n<p>The so-called recent parcels, planted by Marc Parc\u00e9, Augustin&#8217;s father, in the 1980s, at altitude, on cooler, deeper land, facing east and looking out to sea.<\/p>\n<p>The second type of plot corresponds to the old vineyard, the vines are not old and are planted with other vines. We find mainly Grenaches noirs and gris, but also blancs, Carignans, Mourv\u00e8dres, and some Cinsaults. This is a matter of massal selection. The soils are generally shallower and less rich and the grapes mature earlier.<\/p>\n<p>These lower altitude plots benefit from the relief to shelter from the wind.<\/p>\n<p>&nbsp;<\/p>\n<h3><span style=\"font-weight: 400;\">The Work<\/span><\/h3>\n<p>There are a few elements that condition the work at Domaine Augustin.<\/p>\n<p>The vineyard is on a slope, not on small hillsides but on steep slopes like in the northern part of the Rh\u00f4ne Valley in C\u00f4te-R\u00f4tie or in the Savoie vineyards for example. Working the soil is therefore difficult and the rainy autumn periods force us to work perpendicular to the slope, so as to slow down the flow of water, to limit erosion. Horses or mules are now irreplaceable for those who want to save our dry stone walls and agulles. I have never yet seen a tractor manage to straddle a wall or jump an agulle.<\/p>\n<p>Another determining factor for the vineyard is the lack of water associated with poor soils. This water deficit leads to low yields which vary according to the plots and the vintage (the Grenache which makes up 90% of the vineyard is very late) between 15 and 35hl\/ha.<\/p>\n<p>Grafting in place with wood from our oldest plots allows us to have a selection of plant material particularly adapted to our constraints.<\/p>\n<p>The low vigour of the vines, combined with the windy climate, allows us to use only natural products to treat the vines.<\/p>\n<p>[\/vc_column_text]<div class=\"colored_theme_button prk_medium vrv_shortcoded\"><a href=\"https:\/\/www.parce-freres.com\/banyuls-collioure\/\" target=\"_blank\" class=\"verve_anchor\" style=\"margin-bottom:30px\">Learn more about it \u2192<\/a><\/div>[\/vc_column][vc_column column_height=&#8221;verve_forced_clm verve_vertical_clm&#8221; bg_image_vt_align=&#8221;verve_vt_top&#8221; width=&#8221;1\/2&#8243; bg_image=&#8221;9545&#8243;][\/vc_column][\/vc_row][vc_row mobile_mode=&#8221;vrv_sooner&#8221;][vc_column column_height=&#8221;verve_forced_clm verve_vertical_clm&#8221; bg_image_vt_align=&#8221;verve_vt_top&#8221; width=&#8221;1\/2&#8243; bg_image=&#8221;9547&#8243;][\/vc_column][vc_column css_animation=&#8221;verve_fade_waypoint&#8221; width=&#8221;1\/2&#8243;]<div class=\"verve_spacer clearfix show_much_later\" style=\"height:30px;\"><\/div><div class=\"verve_spacer clearfix hide_much_later\" style=\"height:70px;\"><\/div><div class=\"prk_shortcode-title prk_break_word verve_left_align h2_sized\"><div class=\" zero_color prk_vc_title\" style=\"margin-bottom:20px;\"><h2 style=\"font-weight:700;\">AGLY VALLEY &amp; CRU MAURY FOR DOMAINE DE LA PR\u00c9CEPTORIE<\/h2><\/div><div class=\"simple_line colored thick columns small-centered forced_mobile\" style=\"width:70px;\"><\/div><div class=\"clearfix\"><\/div><\/div><div class=\"verve_spacer clearfix\" style=\"height:6px;\"><\/div>[vc_column_text]<\/p>\n<h3><span style=\"font-weight: 400;\">The Plots<br \/>\n<\/span><\/h3>\n<p>The Domaine de la Pr\u00e9ceptorie is located in Saint-Paul de Fenouillet, at the bottom of the Algy valley. Our 29 hectares of vines on 44 plots are spread out along the valley, between Estagel and Saint-Paul de Fenouillet and vary in altitude from 100 to 200 metres. They constitute several very different terroirs due to their soils, subsoils, altitudes, exposure and of course the age of the vines.<\/p>\n<p>The vineyard is located on plots of black schist and schistous marl in the second layer. The flaky structure of the shale gives the roots the possibility to penetrate deep into the soil to find moisture. The black colour allows the soil to absorb heat during the day and release it after dark, thus allowing the grapes to reach a very high sugar content. There are also clay-limestone soils which are balanced soils that combine the clay and its freshness with the filtering properties of the limestone, these wines are fine, fruity and round without being heavy.<\/p>\n<p>We find mainly black Grenache, Carignan and some Syrah for the reds, Macabeu as well as grey and white Grenache for the whites.<\/p>\n<p>&nbsp;<\/p>\n<h3><span style=\"font-weight: 400;\">The Work<\/span><\/h3>\n<p>The vineyard of La Pr\u00e9ceptorie is on small slopes which, unlike the plots of land of Domaine Augustin, are mechanized, the work of the ground is thus less difficult. Nevertheless, we apply the same philosophy of working as closely as possible to the vine and the terroir, intervening only when necessary.<\/p>\n<p><span style=\"font-weight: 400;\">\u00a0<\/span><\/p>\n<h3><span style=\"font-weight: 400;\">Vinification <\/span><\/h3>\n<p>(includes both domains)<\/p>\n<p>The grapes are obviously harvested by hand, in small boxes.<\/p>\n<p>The work in the cellar is classic, gentle pressing and punching of the cap, maturing in vats or barrels as required and that&#8217;s it.<\/p>\n<p>We think that if the work in the vineyard has been well done, then it is enough to simply accompany the grapes in the cellar.<\/p>\n<p>Finally, after having mentioned the soil, the climate, the plant material and our practices, which constitute the four elements of the terroir, we simply want to say that as far as our practices are concerned, which we are not used to talking about and which cannot be seen, we take the time to work well all year round.<\/p>\n<p>[\/vc_column_text]<div class=\"colored_theme_button prk_medium vrv_shortcoded\"><a href=\"https:\/\/www.parce-freres.com\/maury\/\" target=\"_blank\" class=\"verve_anchor\">Learn more about it \u2192<\/a><\/div><div class=\"verve_spacer clearfix show_much_later\" style=\"height:40px;\"><\/div>[\/vc_column][\/vc_row][vc_row top_padding=&#8221;120px&#8221; bottom_padding=&#8221;120px&#8221;][vc_column width=&#8221;1\/1&#8243;]<div class=\"verve_spacer clearfix\" style=\"height:6px;\"><\/div><div class=\"prk_shortcode-title prk_break_word verve_left_align wpb_animate_when_almost_visible wpb_verve_fade_waypoint h3_sized\"><div class=\" zero_color prk_vc_title\" style=\"margin-bottom:12px;\"><h3 style=\"font-weight:600;\">INSTAGRAM<\/h3><\/div><div class=\"clearfix\"><\/div><\/div>[vc_column_text css_animation=&#8221;verve_fade_waypoint&#8221;]Keep up to date with the latest news from Maison Parc\u00e9 Fr\u00e8res.<\/p>\n<p>Here we present our different wines, Marc tells us about his moods, we show you what happens in the vineyard and in the cellar over the years. You can also follow us at events and trade fairs that take place all over the world throughout the year.<\/p>\n<p>Stay connected by following us on our social platforms Facebook and Instagram.[\/vc_column_text]<div class=\"colored_theme_button prk_medium wpb_animate_when_almost_visible wpb_flipin_x delay-300 vrv_shortcoded\"><a href=\"https:\/\/www.instagram.com\/explore\/locations\/2366197053393050\/france\/banyuls-sur-mer\/maison-parce-freres\/\" target=\"_blank\" class=\"verve_anchor\">Follow us \u2192<\/a><\/div>[\/vc_column][\/vc_row][vc_row bk_type=&#8221;verve_full_row&#8221;][vc_column width=&#8221;1\/1&#8243;][vc_column_text][instagram-feed type=user num=12 cols=6 showfollow=false imagepadding=0 imagepaddingunit=px showheader=false showcaption=false showlikes=false showbutton=false disablelightbox=true captionlinks=false][\/vc_column_text][\/vc_column][\/vc_row]<\/p>\n","protected":false},"excerpt":{"rendered":"<p>[vc_row mobile_mode=&#8221;vrv_sooner&#8221; custom_css=&#8221;margin-top:30px&#8221;][vc_column column_height=&#8221;verve_forced_clm verve_vertical_clm&#8221; bg_image_vt_align=&#8221;verve_vt_top&#8221; width=&#8221;1\/2&#8243; bg_image=&#8221;9538&#8243;][\/vc_column][vc_column css_animation=&#8221;verve_fade_waypoint&#8221; width=&#8221;1\/2&#8243;][vc_column_text]The &#8220;complantation&#8221;, an ancestral method, a method preserved in Roussillon. One of the specificities of the Banyuls cru and shared in Roussillon is the complantation of several grape varieties on the same plot. This ancient practice dates back to a time when grape varieties were not [&hellip;]<\/p>\n","protected":false},"author":1,"featured_media":0,"parent":0,"menu_order":0,"comment_status":"closed","ping_status":"closed","template":"","meta":[],"_links":{"self":[{"href":"https:\/\/www.parce-freres.com\/en\/wp-json\/wp\/v2\/pages\/10138"}],"collection":[{"href":"https:\/\/www.parce-freres.com\/en\/wp-json\/wp\/v2\/pages"}],"about":[{"href":"https:\/\/www.parce-freres.com\/en\/wp-json\/wp\/v2\/types\/page"}],"author":[{"embeddable":true,"href":"https:\/\/www.parce-freres.com\/en\/wp-json\/wp\/v2\/users\/1"}],"replies":[{"embeddable":true,"href":"https:\/\/www.parce-freres.com\/en\/wp-json\/wp\/v2\/comments?post=10138"}],"version-history":[{"count":2,"href":"https:\/\/www.parce-freres.com\/en\/wp-json\/wp\/v2\/pages\/10138\/revisions"}],"predecessor-version":[{"id":11637,"href":"https:\/\/www.parce-freres.com\/en\/wp-json\/wp\/v2\/pages\/10138\/revisions\/11637"}],"wp:attachment":[{"href":"https:\/\/www.parce-freres.com\/en\/wp-json\/wp\/v2\/media?parent=10138"}],"curies":[{"name":"wp","href":"https:\/\/api.w.org\/{rel}","templated":true}]}}