{"id":10027,"date":"2019-05-30T09:56:54","date_gmt":"2019-06-19T12:50:38","guid":{"rendered":"https:\/\/www.parce-freres.com\/?post_type=product&#038;p=10027"},"modified":"2021-06-03T11:19:14","modified_gmt":"2021-06-03T09:19:14","slug":"rivesaltes-ambre-17-ans-dage","status":"publish","type":"product","link":"https:\/\/www.parce-freres.com\/en\/produit\/rivesaltes-ambre-17-ans-dage\/","title":{"rendered":"Rivesaltes Ambr\u00e9 17 ans d&#8217;\u00e2ge"},"content":{"rendered":"","protected":false},"excerpt":{"rendered":"<h2>S\u00e9lection Parc\u00e9 Fr\u00e8res<\/h2>\n<h3>The Vines<\/h3>\n<p>Soil : schist.<br \/>\nOld vines planted near Rivesaltes, following a high-density system and we can find several types of grapes in the same parcel.<br \/>\nGrape variety : Grenache gris, Grenache blanc, Macabeu.<\/p>\n<h3>The Wine<\/h3>\n<p>Aged in oak barrel in an oxidativ environment for 36 years, it brings a rancio aspect.<\/p>\n<h3>Tasting<\/h3>\n<p>Eyes: amber coloured who let the light passed through.<br \/>\nNose : rich, nuts, honey and date aroma.<br \/>\nMouth : fine and well balanced.<br \/>\nFood pairing : blue cheese, foie gras, apricot pie, black chocolate<\/p>\n<p><a class=\"buttontelecharge\" href=\"https:\/\/www.parce-freres.com\/wp-content\/uploads\/2021\/06\/RIVESALTES-AMBRE-17-ANS-ENG.pdf\">Download Wine Data PDF<\/a> <a class=\"buttontelecharge\" href=\"https:\/\/www.parce-freres.com\/wp-content\/uploads\/2021\/06\/etiquette-vins-parce-RIVESALTES-AMBRE-17-ANS.jpg\">Download visual bottle of wine<\/a><br \/>\n<em>If you wish to view the other products click on one of the categories below<\/em><\/p>\n","protected":false},"featured_media":11116,"template":"","meta":[],"product_cat":[129],"product_tag":[142,151],"_links":{"self":[{"href":"https:\/\/www.parce-freres.com\/en\/wp-json\/wp\/v2\/product\/10027"}],"collection":[{"href":"https:\/\/www.parce-freres.com\/en\/wp-json\/wp\/v2\/product"}],"about":[{"href":"https:\/\/www.parce-freres.com\/en\/wp-json\/wp\/v2\/types\/product"}],"wp:featuredmedia":[{"embeddable":true,"href":"https:\/\/www.parce-freres.com\/en\/wp-json\/wp\/v2\/media\/11116"}],"wp:attachment":[{"href":"https:\/\/www.parce-freres.com\/en\/wp-json\/wp\/v2\/media?parent=10027"}],"wp:term":[{"taxonomy":"product_cat","embeddable":true,"href":"https:\/\/www.parce-freres.com\/en\/wp-json\/wp\/v2\/product_cat?post=10027"},{"taxonomy":"product_tag","embeddable":true,"href":"https:\/\/www.parce-freres.com\/en\/wp-json\/wp\/v2\/product_tag?post=10027"}],"curies":[{"name":"wp","href":"https:\/\/api.w.org\/{rel}","templated":true}]}}