{"id":10030,"date":"2019-05-30T08:52:28","date_gmt":"2019-06-19T13:12:24","guid":{"rendered":"https:\/\/www.parce-freres.com\/?post_type=product&#038;p=10030"},"modified":"2025-09-13T15:09:04","modified_gmt":"2025-09-13T13:09:04","slug":"hommage-a-fernand-blanc","status":"publish","type":"product","link":"https:\/\/www.parce-freres.com\/en\/produit\/hommage-a-fernand-blanc\/","title":{"rendered":"Hommage \u00e0 Fernand Blanc"},"content":{"rendered":"<p><em>History is often written by the winners&#8230; so when you leaf through the books recently written on the history of Roussillon you will find no trace of the men who refused the policy of standardization concerning the grape varieties. So through these vintages, I wanted to pay tribute to the first &#8220;r\u00e9sistants&#8221;, to these winegrowers who, since the 1970s, took the risk of no longer being in the appellation, refusing the concept of an improving grape variety in order to preserve their old, often planted, vineyard. Time has proven them right: there are rarely &#8220;bad&#8221; varieties* but simply a mismatch between the grape variety, the terroir and the winegrower! *Here Macabeu for the white and Carignan for the red, both in vats. Parcels located on the Espira de l&#8217;Agly terroir.<\/em><\/p>\n","protected":false},"excerpt":{"rendered":"<h2>S\u00e9lection Parc\u00e9 Fr\u00e8res<\/h2>\n<h3>The Vineyard<\/h3>\n<p><span class=\"a_GcMg font-feature-liga-off font-feature-clig-off font-feature-calt-off text-decoration-none text-strikethrough-none\">The grapes for this cuv\u00e9e come from 40-year-old vines rooted in black schist soils on the outskirts of Espira-de-l\u2019Agly, in the heart of the Agly Valley. This rugged, sun-soaked terroir lends Macabeu its natural tension and a refined mineral expression.<\/span><\/p>\n<h3>The Wine<\/h3>\n<p><span class=\"a_GcMg font-feature-liga-off font-feature-clig-off font-feature-calt-off text-decoration-none text-strikethrough-none\">Hand-harvested at full maturity, the Macabeu is vinified in the traditional way, with a light settling at the end of fermentation to preserve purity of fruit. The wine is aged in tank for five months to maintain the freshness of the grape and the identity of the terroir.<\/span><\/p>\n<h3>Tasting Notes<\/h3>\n<p><span class=\"a_GcMg font-feature-liga-off font-feature-clig-off font-feature-calt-off text-decoration-none text-strikethrough-none\">From the very first nose, this white reveals a discreet complexity: notes of fresh citrus, white peach, and sweet almond interwoven with a clean mineral edge. On the palate, the balance is striking, combining tension, lightness, and elegance. Straightforward and vibrant, yet convivial, it shines alongside marinated anchovies, aged goat cheeses, or Mediterranean dishes with a touch of the sea.<\/span><br \/>\n<a class=\"buttontelecharge\" href=\"https:\/\/drive.google.com\/open?id=18fYNuFSPDlW5GK6_-xPXyzq9zoTG65H2&amp;usp=drive_fs\">Download Wine Data PDF<\/a> <a class=\"buttontelecharge\" href=\"https:\/\/www.parce-freres.com\/wp-content\/uploads\/2020\/05\/HOMMAGE-FERNAND-BLANC-PARCE-BOUTEILLE.jpg\">Downloadthe Wine bottle<\/a><br \/>\n<em>If you wish to view the other products click on one of the categories below<\/em><\/p>\n","protected":false},"featured_media":10897,"template":"","meta":[],"product_cat":[129],"product_tag":[144,135],"_links":{"self":[{"href":"https:\/\/www.parce-freres.com\/en\/wp-json\/wp\/v2\/product\/10030"}],"collection":[{"href":"https:\/\/www.parce-freres.com\/en\/wp-json\/wp\/v2\/product"}],"about":[{"href":"https:\/\/www.parce-freres.com\/en\/wp-json\/wp\/v2\/types\/product"}],"wp:featuredmedia":[{"embeddable":true,"href":"https:\/\/www.parce-freres.com\/en\/wp-json\/wp\/v2\/media\/10897"}],"wp:attachment":[{"href":"https:\/\/www.parce-freres.com\/en\/wp-json\/wp\/v2\/media?parent=10030"}],"wp:term":[{"taxonomy":"product_cat","embeddable":true,"href":"https:\/\/www.parce-freres.com\/en\/wp-json\/wp\/v2\/product_cat?post=10030"},{"taxonomy":"product_tag","embeddable":true,"href":"https:\/\/www.parce-freres.com\/en\/wp-json\/wp\/v2\/product_tag?post=10030"}],"curies":[{"name":"wp","href":"https:\/\/api.w.org\/{rel}","templated":true}]}}