{"id":10031,"date":"2019-05-30T08:47:31","date_gmt":"2019-06-19T13:18:19","guid":{"rendered":"https:\/\/www.parce-freres.com\/?post_type=product&#038;p=10031"},"modified":"2021-07-09T18:28:02","modified_gmt":"2021-07-09T16:28:02","slug":"zoe-edition-limitee-rouge-bio","status":"publish","type":"product","link":"https:\/\/www.parce-freres.com\/en\/produit\/zoe-edition-limitee-rouge-bio\/","title":{"rendered":"Zo\u00e9 &#8220;\u00e9dition limit\u00e9e&#8221; Rouge Bio"},"content":{"rendered":"<p><em>We winegrowers, merchants, afflicted by the war declared on wine by all the puritans, hygienists and prohibitionists who are active in France today, have wished, by the name given to this cuv\u00e9e, to affirm that wine and bread were inseparable from our culture and our love of life. In Greek, ZOI means Eve, &#8220;The Living One&#8221;, mother of humanity.<br \/>\n<\/em><\/p>\n","protected":false},"excerpt":{"rendered":"<h2>S\u00e9lection Parc\u00e9 Fr\u00e8res<\/h2>\n<h3>The Vines<\/h3>\n<p>Soil : slightly acidic sandstone on the North slopes of Fontfroide, 20km West of Narbonne.<br \/>\nElaborate in Aude in organic agriculture.<br \/>\nGrape variety : Grenache, Syrah, Cinsault<\/p>\n<h3>The Wine<\/h3>\n<p>Harvested by hand. Cold pre-fermentation maceration. Alcoholic fermentation at 22\u00b0c and then, soft extraction.<br \/>\nAged in tank for 7 months.<\/p>\n<h3>Tasting<\/h3>\n<p>Eyes : intense dark ruby colour.<br \/>\nNose : gourmand, red fruits and garrigue.<br \/>\nMouth : intense, well balanced, velvety tannins<br \/>\nFood pairing : duck with grilled vegetables.<br \/>\n<a class=\"buttontelecharge\" href=\"https:\/\/www.parce-freres.com\/wp-content\/uploads\/2019\/06\/ZOE-EL-BIO-ROUGE.pdf\">Download Wine Data PDF<\/a> <a class=\"buttontelecharge\" href=\"https:\/\/www.parce-freres.com\/wp-content\/uploads\/2020\/05\/ZOE-BIPO-ROUGE-PARCE-VINS-BOUTEILLE.jpg\">Download the Wine bottle<\/a><br \/>\n<em>If you wish to view the other products click on one of the categories below<\/em><\/p>\n","protected":false},"featured_media":10935,"template":"","meta":[],"product_cat":[129,153],"product_tag":[145,134],"_links":{"self":[{"href":"https:\/\/www.parce-freres.com\/en\/wp-json\/wp\/v2\/product\/10031"}],"collection":[{"href":"https:\/\/www.parce-freres.com\/en\/wp-json\/wp\/v2\/product"}],"about":[{"href":"https:\/\/www.parce-freres.com\/en\/wp-json\/wp\/v2\/types\/product"}],"wp:featuredmedia":[{"embeddable":true,"href":"https:\/\/www.parce-freres.com\/en\/wp-json\/wp\/v2\/media\/10935"}],"wp:attachment":[{"href":"https:\/\/www.parce-freres.com\/en\/wp-json\/wp\/v2\/media?parent=10031"}],"wp:term":[{"taxonomy":"product_cat","embeddable":true,"href":"https:\/\/www.parce-freres.com\/en\/wp-json\/wp\/v2\/product_cat?post=10031"},{"taxonomy":"product_tag","embeddable":true,"href":"https:\/\/www.parce-freres.com\/en\/wp-json\/wp\/v2\/product_tag?post=10031"}],"curies":[{"name":"wp","href":"https:\/\/api.w.org\/{rel}","templated":true}]}}