{"id":12336,"date":"2024-04-10T07:24:39","date_gmt":"2024-04-10T05:24:39","guid":{"rendered":"https:\/\/www.parce-freres.com\/?post_type=product&#038;p=12336"},"modified":"2025-09-13T15:17:09","modified_gmt":"2025-09-13T13:17:09","slug":"rivesaltes-tuile-40-ans-1982","status":"publish","type":"product","link":"https:\/\/www.parce-freres.com\/en\/produit\/rivesaltes-tuile-40-ans-1982\/","title":{"rendered":"Rivesaltes tuil\u00e9 40 ans d&#8217;\u00e2ge 1982"},"content":{"rendered":"","protected":false},"excerpt":{"rendered":"<h2>S\u00e9lection Parc\u00e9 Fr\u00e8res<\/h2>\n<h3>The Vineyard<\/h3>\n<p><span class=\"a_GcMg font-feature-liga-off font-feature-clig-off font-feature-calt-off text-decoration-none text-strikethrough-none\">This wine comes from very old, field-blended vines surrounding the village of Rivesaltes, planted exclusively with Grenache Noir. The clay-limestone and schist soils of the Roussillon plain provide an ideal environment for producing naturally sweet wines with exceptional aging potential.<\/span><\/p>\n<h3>The Wine<\/h3>\n<p><span class=\"a_GcMg font-feature-liga-off font-feature-clig-off font-feature-calt-off text-decoration-none text-strikethrough-none\">This Rivesaltes Tuil\u00e9 has been aged for over 40 years in old barrels under oxidative conditions. This extended maturation develops the characteristic tuil\u00e9 aromas, with an extraordinary concentration of flavors. The vinification follows traditional methods, with fortification, followed by long barrel aging without topping up.<\/span><\/p>\n<h3>Tasting Notes<\/h3>\n<p><span class=\"a_GcMg font-feature-liga-off font-feature-clig-off font-feature-calt-off text-decoration-none text-strikethrough-none\">The wine shows a deep tuil\u00e9-brown color, revealing an enchanting nose of candied fruits, honey, walnut, and cocoa. On the palate, it is velvety, with a surprising freshness for its age. Aromas evolve toward dried fig, caramel, prunes, and other dried fruits. The finish is long, persistent, and vibrant. A wine of emotion, perfect with foie gras terrine, dark chocolate desserts, or simply to be savored alone in a quiet, contemplative moment.<\/span><\/p>\n<p><a class=\"buttontelecharge\" href=\"https:\/\/drive.google.com\/open?id=1eCUOQwN1Xe3dUYEtR6HXDPtOysaMcFlW&amp;usp=drive_fs\">T\u00e9l\u00e9charger la fiche PDF<\/a> <a class=\"buttontelecharge\" href=\"https:\/\/www.parce-freres.com\/wp-content\/uploads\/2024\/04\/bouteilles-riveslates-tuile-1982-40ans-maison-parce-freres-vins.jpg\">T\u00e9l\u00e9charger le visuel bouteille<\/a><br \/>\n<em>If you wish to view the other products click on one of the categories below<\/em><\/p>\n","protected":false},"featured_media":12351,"template":"","meta":[],"product_cat":[129],"product_tag":[142],"_links":{"self":[{"href":"https:\/\/www.parce-freres.com\/en\/wp-json\/wp\/v2\/product\/12336"}],"collection":[{"href":"https:\/\/www.parce-freres.com\/en\/wp-json\/wp\/v2\/product"}],"about":[{"href":"https:\/\/www.parce-freres.com\/en\/wp-json\/wp\/v2\/types\/product"}],"wp:featuredmedia":[{"embeddable":true,"href":"https:\/\/www.parce-freres.com\/en\/wp-json\/wp\/v2\/media\/12351"}],"wp:attachment":[{"href":"https:\/\/www.parce-freres.com\/en\/wp-json\/wp\/v2\/media?parent=12336"}],"wp:term":[{"taxonomy":"product_cat","embeddable":true,"href":"https:\/\/www.parce-freres.com\/en\/wp-json\/wp\/v2\/product_cat?post=12336"},{"taxonomy":"product_tag","embeddable":true,"href":"https:\/\/www.parce-freres.com\/en\/wp-json\/wp\/v2\/product_tag?post=12336"}],"curies":[{"name":"wp","href":"https:\/\/api.w.org\/{rel}","templated":true}]}}