{"id":12579,"date":"2025-02-20T00:50:11","date_gmt":"2025-02-19T23:50:12","guid":{"rendered":"https:\/\/www.parce-freres.com\/?post_type=product&#038;p=12579"},"modified":"2025-09-13T15:15:03","modified_gmt":"2025-09-13T13:15:03","slug":"rivesaltes-ambre-15-ans","status":"publish","type":"product","link":"https:\/\/www.parce-freres.com\/en\/produit\/rivesaltes-ambre-15-ans\/","title":{"rendered":"RIVESALTES AMBR\u00c9 15 years"},"content":{"rendered":"","protected":false},"excerpt":{"rendered":"<h2>S\u00e9lection Parc\u00e9 Fr\u00e8res<\/h2>\n<h3>The Vineyard<\/h3>\n<p><span class=\"a_GcMg font-feature-liga-off font-feature-clig-off font-feature-calt-off text-decoration-none text-strikethrough-none\">From ancient, field-blended vines around the village of Rivesaltes, this wine captures the essence of the region\u2019s clay-limestone and schist soils. Grenache Gris, Grenache Blanc, and Macabeu have been growing side by side here for generations, producing fruit of remarkable depth and character.<\/span><\/p>\n<h3>The Wine<\/h3>\n<p><span class=\"a_GcMg font-feature-liga-off font-feature-clig-off font-feature-calt-off text-decoration-none text-strikethrough-none\">Hand-picked grapes are gently vinified before fortification, then aged for over fifteen years in old oak barrels under oxidative conditions. Time gives the wine its unmistakable identity, defined by the rancio character, complex notes of dried fruit, spice, and polished wood.<\/span><\/p>\n<h3>Tasting Notes<\/h3>\n<p><span class=\"a_GcMg font-feature-liga-off font-feature-clig-off font-feature-calt-off text-decoration-none text-strikethrough-none\">The color glows amber with golden and copper hues. Aromas unfold in layers of walnut, date, blond tobacco, and candied orange peel. On the palate, richness is balanced by freshness, with a long, elegant finish. A meditative wine, equally at home with Roquefort, speculoos ice cream, or blood orange tart, or simply enjoyed on its own as a contemplative after-dinner glass.<\/span><\/p>\n<p><a class=\"buttontelecharge\" href=\"https:\/\/drive.google.com\/open?id=1gXziS-k6LTFg6uofJPLvdZzHwpKAJVjo&amp;usp=drive_fs\">Download Wine Data PDF<\/a> <a class=\"buttontelecharge\" href=\"https:\/\/www.parce-freres.com\/wp-content\/uploads\/2024\/04\/bouteille-rivesaltes-ambre-maison-poarce-vin.jpg\">Download visual bottle of wine<\/a><br \/>\n<em>If you wish to view the other products click on one of the categories below<\/em><\/p>\n","protected":false},"featured_media":12573,"template":"","meta":[],"product_cat":[129],"product_tag":[142,151],"_links":{"self":[{"href":"https:\/\/www.parce-freres.com\/en\/wp-json\/wp\/v2\/product\/12579"}],"collection":[{"href":"https:\/\/www.parce-freres.com\/en\/wp-json\/wp\/v2\/product"}],"about":[{"href":"https:\/\/www.parce-freres.com\/en\/wp-json\/wp\/v2\/types\/product"}],"wp:featuredmedia":[{"embeddable":true,"href":"https:\/\/www.parce-freres.com\/en\/wp-json\/wp\/v2\/media\/12573"}],"wp:attachment":[{"href":"https:\/\/www.parce-freres.com\/en\/wp-json\/wp\/v2\/media?parent=12579"}],"wp:term":[{"taxonomy":"product_cat","embeddable":true,"href":"https:\/\/www.parce-freres.com\/en\/wp-json\/wp\/v2\/product_cat?post=12579"},{"taxonomy":"product_tag","embeddable":true,"href":"https:\/\/www.parce-freres.com\/en\/wp-json\/wp\/v2\/product_tag?post=12579"}],"curies":[{"name":"wp","href":"https:\/\/api.w.org\/{rel}","templated":true}]}}