{"id":9987,"date":"2019-05-31T07:58:30","date_gmt":"2019-06-19T08:59:53","guid":{"rendered":"https:\/\/www.parce-freres.com\/?post_type=product&#038;p=9987"},"modified":"2025-09-13T15:13:55","modified_gmt":"2025-09-13T13:13:55","slug":"petit-gus-rouge","status":"publish","type":"product","link":"https:\/\/www.parce-freres.com\/en\/produit\/petit-gus-rouge\/","title":{"rendered":"Petit Gus Rouge"},"content":{"rendered":"","protected":false},"excerpt":{"rendered":"<h2>S\u00e9lection Parc\u00e9 Fr\u00e8res<\/h2>\n<h3>The Vineyard<\/h3>\n<p><span class=\"a_GcMg font-feature-liga-off font-feature-clig-off font-feature-calt-off text-decoration-none text-strikethrough-none\">From 40-year-old vines rooted in steep, schist slopes that can only be farmed by hand, this cuv\u00e9e comes from the heart of Collioure. These cool, maritime terroirs give the vines a natural balance, allowing the grapes to ripen fully without excess. Depending on the vintage, small contributions from neighboring plots may be included, always carefully chosen for harmony.<\/span><\/p>\n<h3>The Wine<\/h3>\n<p><span class=\"a_GcMg font-feature-liga-off font-feature-clig-off font-feature-calt-off text-decoration-none text-strikethrough-none\">Grenache Noir dominates the blend (over 80%), complemented by Syrah, Mourv\u00e8dre, and a touch of Carignan. In the cellar, the winemaking is gentle and restrained, with light punch-downs and delicate pump-overs to preserve the finesse of the fruit. Ageing takes place in tank to retain freshness and spontaneity.<\/span><\/p>\n<h3>Tasting Notes<\/h3>\n<p><span class=\"a_GcMg font-feature-liga-off font-feature-clig-off font-feature-calt-off text-decoration-none text-strikethrough-none\">Beneath its bright ruby robe, Petit Gus Rouge bursts with aromas of crushed strawberry, fresh cherry, floral notes, and a hint of spice. The palate is supple, juicy, and vibrant, carried by a subtle saline finish that speaks of the schist soils. An approachable yet characterful Collioure red\u2014perfect now with grilled lamb, a Proven\u00e7al vegetable tian, or a plate of Catalan tapas.<\/span><br \/>\n<a class=\"buttontelecharge\" href=\"https:\/\/drive.google.com\/open?id=1I5wfoV49TwD4iVKzzw3ChnWo0UGPa7TW&amp;usp=drive_fs\">Download Wine Data PDF<\/a> <a class=\"buttontelecharge\" href=\"https:\/\/www.parce-freres.com\/wp-content\/uploads\/2020\/05\/PETIT-GUS-ROUGE-PARCE-VINS-BOUTEILLE.jpg\">Download the Wine bottle<\/a><br \/>\n<em>If you wish to view the other products click on one of the categories below<\/em><\/p>\n","protected":false},"featured_media":10909,"template":"","meta":[],"product_cat":[129],"product_tag":[136,134],"_links":{"self":[{"href":"https:\/\/www.parce-freres.com\/en\/wp-json\/wp\/v2\/product\/9987"}],"collection":[{"href":"https:\/\/www.parce-freres.com\/en\/wp-json\/wp\/v2\/product"}],"about":[{"href":"https:\/\/www.parce-freres.com\/en\/wp-json\/wp\/v2\/types\/product"}],"wp:featuredmedia":[{"embeddable":true,"href":"https:\/\/www.parce-freres.com\/en\/wp-json\/wp\/v2\/media\/10909"}],"wp:attachment":[{"href":"https:\/\/www.parce-freres.com\/en\/wp-json\/wp\/v2\/media?parent=9987"}],"wp:term":[{"taxonomy":"product_cat","embeddable":true,"href":"https:\/\/www.parce-freres.com\/en\/wp-json\/wp\/v2\/product_cat?post=9987"},{"taxonomy":"product_tag","embeddable":true,"href":"https:\/\/www.parce-freres.com\/en\/wp-json\/wp\/v2\/product_tag?post=9987"}],"curies":[{"name":"wp","href":"https:\/\/api.w.org\/{rel}","templated":true}]}}